{"id":24,"date":"2018-02-06T11:42:10","date_gmt":"2018-02-06T11:42:10","guid":{"rendered":"https:\/\/smart-start.webquest.co.nz\/index.php\/e-books\/"},"modified":"2021-06-14T00:14:45","modified_gmt":"2021-06-14T00:14:45","slug":"philosophy","status":"publish","type":"page","link":"https:\/\/smart-start.co.nz\/index.php\/philosophy\/","title":{"rendered":"Our Philosophy"},"content":{"rendered":"\t\t<div data-elementor-type=\"wp-post\" data-elementor-id=\"24\" class=\"elementor elementor-24\">\n\t\t\t\t\t\t<section class=\"elementor-section elementor-top-section elementor-element elementor-element-54e0c59 elementor-section-boxed elementor-section-height-default elementor-section-height-default elementor-invisible\" data-id=\"54e0c59\" data-element_type=\"section\" data-settings=\"{&quot;background_background&quot;:&quot;classic&quot;,&quot;shape_divider_bottom&quot;:&quot;mountains&quot;,&quot;animation&quot;:&quot;pulse&quot;,&quot;shape_divider_top&quot;:&quot;mountains&quot;}\">\n\t\t\t\t\t\t\t<div class=\"elementor-background-overlay\"><\/div>\n\t\t\t\t\t\t<div class=\"elementor-shape elementor-shape-top\" aria-hidden=\"true\" data-negative=\"false\">\n\t\t\t<svg xmlns=\"http:\/\/www.w3.org\/2000\/svg\" viewBox=\"0 0 1000 100\" preserveAspectRatio=\"none\">\n\t<path class=\"elementor-shape-fill\" opacity=\"0.33\" d=\"M473,67.3c-203.9,88.3-263.1-34-320.3,0C66,119.1,0,59.7,0,59.7V0h1000v59.7 c0,0-62.1,26.1-94.9,29.3c-32.8,3.3-62.8-12.3-75.8-22.1C806,49.6,745.3,8.7,694.9,4.7S492.4,59,473,67.3z\"\/>\n\t<path class=\"elementor-shape-fill\" opacity=\"0.66\" d=\"M734,67.3c-45.5,0-77.2-23.2-129.1-39.1c-28.6-8.7-150.3-10.1-254,39.1 s-91.7-34.4-149.2,0C115.7,118.3,0,39.8,0,39.8V0h1000v36.5c0,0-28.2-18.5-92.1-18.5C810.2,18.1,775.7,67.3,734,67.3z\"\/>\n\t<path class=\"elementor-shape-fill\" d=\"M766.1,28.9c-200-57.5-266,65.5-395.1,19.5C242,1.8,242,5.4,184.8,20.6C128,35.8,132.3,44.9,89.9,52.5C28.6,63.7,0,0,0,0 h1000c0,0-9.9,40.9-83.6,48.1S829.6,47,766.1,28.9z\"\/>\n<\/svg>\t\t<\/div>\n\t\t\t\t<div class=\"elementor-shape elementor-shape-bottom\" aria-hidden=\"true\" data-negative=\"false\">\n\t\t\t<svg xmlns=\"http:\/\/www.w3.org\/2000\/svg\" viewBox=\"0 0 1000 100\" preserveAspectRatio=\"none\">\n\t<path class=\"elementor-shape-fill\" opacity=\"0.33\" d=\"M473,67.3c-203.9,88.3-263.1-34-320.3,0C66,119.1,0,59.7,0,59.7V0h1000v59.7 c0,0-62.1,26.1-94.9,29.3c-32.8,3.3-62.8-12.3-75.8-22.1C806,49.6,745.3,8.7,694.9,4.7S492.4,59,473,67.3z\"\/>\n\t<path class=\"elementor-shape-fill\" opacity=\"0.66\" d=\"M734,67.3c-45.5,0-77.2-23.2-129.1-39.1c-28.6-8.7-150.3-10.1-254,39.1 s-91.7-34.4-149.2,0C115.7,118.3,0,39.8,0,39.8V0h1000v36.5c0,0-28.2-18.5-92.1-18.5C810.2,18.1,775.7,67.3,734,67.3z\"\/>\n\t<path class=\"elementor-shape-fill\" d=\"M766.1,28.9c-200-57.5-266,65.5-395.1,19.5C242,1.8,242,5.4,184.8,20.6C128,35.8,132.3,44.9,89.9,52.5C28.6,63.7,0,0,0,0 h1000c0,0-9.9,40.9-83.6,48.1S829.6,47,766.1,28.9z\"\/>\n<\/svg>\t\t<\/div>\n\t\t\t\t\t<div class=\"elementor-container elementor-column-gap-default\">\n\t\t\t\t\t<div class=\"elementor-column elementor-col-33 elementor-top-column elementor-element elementor-element-94f6bb0\" data-id=\"94f6bb0\" data-element_type=\"column\">\n\t\t\t<div class=\"elementor-widget-wrap elementor-element-populated\">\n\t\t\t\t\t\t<div class=\"elementor-element elementor-element-307c661 elementor-widget elementor-widget-heading\" data-id=\"307c661\" data-element_type=\"widget\" data-widget_type=\"heading.default\">\n\t\t\t\t<div class=\"elementor-widget-container\">\n\t\t\t\t\t<h2 class=\"elementor-heading-title elementor-size-default\">Our Philosophy<\/h2>\t\t\t\t<\/div>\n\t\t\t\t<\/div>\n\t\t\t\t<div class=\"elementor-element elementor-element-a8640ed elementor-widget-divider--view-line elementor-widget elementor-widget-divider\" data-id=\"a8640ed\" data-element_type=\"widget\" data-widget_type=\"divider.default\">\n\t\t\t\t<div class=\"elementor-widget-container\">\n\t\t\t\t\t\t\t<div class=\"elementor-divider\">\n\t\t\t<span class=\"elementor-divider-separator\">\n\t\t\t\t\t\t<\/span>\n\t\t<\/div>\n\t\t\t\t\t\t<\/div>\n\t\t\t\t<\/div>\n\t\t\t\t<div class=\"elementor-element elementor-element-4f8ad69 elementor-widget elementor-widget-text-editor\" data-id=\"4f8ad69\" data-element_type=\"widget\" data-widget_type=\"text-editor.default\">\n\t\t\t\t<div class=\"elementor-widget-container\">\n\t\t\t\t\t\t\t\t\t<p class=\"p1\">In our M\u0101t\u0101mua room we have an emphasis on team teaching. We view relationships as source of learning, empowerment, and identity for us all and value responsive and respectful relationships with tamariki, families\/wh\u0101nau and each other. We aim to provide encouragement, warmth, acceptance, and challenges to help tamariki extend their ideas and understanding of the world and support learning and development. We strive on providing consistency and clearly defined limits and expectations. Teachers spend time with each child during care routines by using a calm and interactive manner to reflect the Magda Gerber approach and encourage small groups of children to play together to develop co-operative skills in our homely environment. Children are encouraged to solve their own conflicts, to develop language to express and make sense of their own feelings and ideas, as well as understanding those of others.<\/p>\t\t\t\t\t\t\t\t<\/div>\n\t\t\t\t<\/div>\n\t\t\t\t<div class=\"elementor-element elementor-element-05b8d96 elementor-widget elementor-widget-text-editor\" data-id=\"05b8d96\" data-element_type=\"widget\" data-widget_type=\"text-editor.default\">\n\t\t\t\t<div class=\"elementor-widget-container\">\n\t\t\t\t\t\t\t\t\t<p class=\"p1\">We understand the significance of Te reo M\u0101ori and it is heard, seen, and used throughout the curriculum. Our practice is based on Te Ao M\u0101ori, referring to the three key areas, Te Reo M\u0101ori, tikanga M\u0101ori and Te Tiriti o Waitangi. We welcome, value and respect the diversity within our Centre and our programme follows a socio-cultural perspective based on the early childhood curriculum Te Wh\u0101riki which we enrich by exploring and developing concepts from the RIE philosophy and Magda Gerber approaches. This allows us to develop an emergent and negotiated curriculum that builds on respect, naturally unfolding development, documentation to capture learning, parent and wh\u0101nau involvement, and developing an effective learning environment.<\/p>\t\t\t\t\t\t\t\t<\/div>\n\t\t\t\t<\/div>\n\t\t\t\t\t<\/div>\n\t\t<\/div>\n\t\t\t\t<div class=\"elementor-column elementor-col-33 elementor-top-column elementor-element elementor-element-07112df\" data-id=\"07112df\" data-element_type=\"column\">\n\t\t\t<div class=\"elementor-widget-wrap\">\n\t\t\t\t\t\t\t<\/div>\n\t\t<\/div>\n\t\t\t\t<div class=\"elementor-column elementor-col-33 elementor-top-column elementor-element elementor-element-dcd4720 elementor-invisible\" data-id=\"dcd4720\" data-element_type=\"column\" data-settings=\"{&quot;background_background&quot;:&quot;gradient&quot;,&quot;animation&quot;:&quot;slideInUp&quot;}\">\n\t\t\t<div class=\"elementor-widget-wrap elementor-element-populated\">\n\t\t\t\t\t\t<div class=\"elementor-element elementor-element-ff4543b elementor-widget elementor-widget-image\" data-id=\"ff4543b\" data-element_type=\"widget\" data-widget_type=\"image.default\">\n\t\t\t\t<div class=\"elementor-widget-container\">\n\t\t\t\t\t\t\t\t\t\t\t\t\t\t\t<img fetchpriority=\"high\" decoding=\"async\" width=\"720\" height=\"960\" src=\"https:\/\/smart-start.co.nz\/wp-content\/uploads\/2020\/10\/121016799_3597003890329821_9126629070854318404_n.jpg\" class=\"attachment-large size-large wp-image-485\" alt=\"\" srcset=\"https:\/\/smart-start.co.nz\/wp-content\/uploads\/2020\/10\/121016799_3597003890329821_9126629070854318404_n.jpg 720w, https:\/\/smart-start.co.nz\/wp-content\/uploads\/2020\/10\/121016799_3597003890329821_9126629070854318404_n-225x300.jpg 225w\" sizes=\"(max-width: 720px) 100vw, 720px\" \/>\t\t\t\t\t\t\t\t\t\t\t\t\t\t\t<\/div>\n\t\t\t\t<\/div>\n\t\t\t\t<div class=\"elementor-element elementor-element-83fb5e7 elementor-widget elementor-widget-text-editor\" data-id=\"83fb5e7\" data-element_type=\"widget\" data-widget_type=\"text-editor.default\">\n\t\t\t\t<div class=\"elementor-widget-container\">\n\t\t\t\t\t\t\t\t\t<p class=\"p1\">We believe that tamariki search for meaning in their exploration and play and provide an environment that is warm, safe, healthy, inviting, predictable, challenging and aesthetically pleasing. We view the environment as the third teacher and ensure it is set out so that children have access to a wide variety of open-ended natural materials and household objects, that promote and foster independence and freedom of movement.<\/p>\t\t\t\t\t\t\t\t<\/div>\n\t\t\t\t<\/div>\n\t\t\t\t\t<\/div>\n\t\t<\/div>\n\t\t\t\t\t<\/div>\n\t\t<\/section>\n\t\t\t\t<section class=\"elementor-section elementor-top-section elementor-element elementor-element-7e31c6a elementor-section-content-middle elementor-reverse-mobile elementor-section-boxed elementor-section-height-default elementor-section-height-default\" data-id=\"7e31c6a\" data-element_type=\"section\" data-settings=\"{&quot;background_background&quot;:&quot;classic&quot;}\">\n\t\t\t\t\t\t<div class=\"elementor-container elementor-column-gap-default\">\n\t\t\t\t\t<div class=\"elementor-column elementor-col-66 elementor-top-column elementor-element elementor-element-22a42c0\" data-id=\"22a42c0\" data-element_type=\"column\" data-settings=\"{&quot;background_background&quot;:&quot;classic&quot;}\">\n\t\t\t<div class=\"elementor-widget-wrap elementor-element-populated\">\n\t\t\t\t\t\t<div class=\"elementor-element elementor-element-a5106c5 elementor-widget elementor-widget-text-editor\" data-id=\"a5106c5\" data-element_type=\"widget\" data-widget_type=\"text-editor.default\">\n\t\t\t\t<div class=\"elementor-widget-container\">\n\t\t\t\t\t\t\t\t\t<p class=\"p1\">Kaiako value and respect the richness of individual learning styles by noticing and listening, recognising and responding to tamariki&#8217;s interests, strengths, likes and aspirations. This process empowers children to learn. Teachers value children\u2019s contribution and competence and foster opportunities to think, problem solve, explore, communicate, co-construct with others and take challenges. Community excursions are viewed as an important way of learning. The range of experiences and opportunities that are provided enhance tamariki&#8217;s learning and development and will be heavily influenced by the outcomes of assessment, planning and evaluation practices. Along with providing a range of resources and equipment, extending tamariki&#8217;s learning and development involves using these resources in purposeful and meaningful ways, relevant to the children&#8217;s lives. Documentation in tamariki&#8217;s progress journals combines a range of \u2018voices\u2019 to reflect an authenticity of the child\u2019s unique style of learning. Wh\u0101nau are encouraged to participate and include their visions for their child.<\/p><p class=\"p1\">Teachers utilise reflective practice and the centre is committed to providing on-going professional development and maintaining a high level of trained and registered teachers thus insuring we offer a high quality programme.<\/p>\t\t\t\t\t\t\t\t<\/div>\n\t\t\t\t<\/div>\n\t\t\t\t\t<\/div>\n\t\t<\/div>\n\t\t\t\t<div class=\"elementor-column elementor-col-33 elementor-top-column elementor-element elementor-element-ed42295 elementor-invisible\" data-id=\"ed42295\" data-element_type=\"column\" data-settings=\"{&quot;background_background&quot;:&quot;classic&quot;,&quot;animation&quot;:&quot;bounceIn&quot;}\">\n\t\t\t<div class=\"elementor-widget-wrap elementor-element-populated\">\n\t\t\t\t\t\t<div class=\"elementor-element elementor-element-ecc2cfd elementor-widget elementor-widget-spacer\" data-id=\"ecc2cfd\" data-element_type=\"widget\" data-widget_type=\"spacer.default\">\n\t\t\t\t<div class=\"elementor-widget-container\">\n\t\t\t\t\t\t\t<div class=\"elementor-spacer\">\n\t\t\t<div class=\"elementor-spacer-inner\"><\/div>\n\t\t<\/div>\n\t\t\t\t\t\t<\/div>\n\t\t\t\t<\/div>\n\t\t\t\t<div class=\"elementor-element elementor-element-b0295e8 elementor-invisible elementor-widget elementor-widget-image\" data-id=\"b0295e8\" data-element_type=\"widget\" data-settings=\"{&quot;_animation&quot;:&quot;bounce&quot;}\" data-widget_type=\"image.default\">\n\t\t\t\t<div class=\"elementor-widget-container\">\n\t\t\t\t\t\t\t\t\t\t\t\t\t\t\t<img decoding=\"async\" width=\"720\" height=\"960\" src=\"https:\/\/smart-start.co.nz\/wp-content\/uploads\/2020\/10\/117745401_3418920504804828_8726748187430625091_n.jpg\" class=\"attachment-large size-large wp-image-478\" alt=\"\" srcset=\"https:\/\/smart-start.co.nz\/wp-content\/uploads\/2020\/10\/117745401_3418920504804828_8726748187430625091_n.jpg 720w, https:\/\/smart-start.co.nz\/wp-content\/uploads\/2020\/10\/117745401_3418920504804828_8726748187430625091_n-225x300.jpg 225w\" sizes=\"(max-width: 720px) 100vw, 720px\" \/>\t\t\t\t\t\t\t\t\t\t\t\t\t\t\t<\/div>\n\t\t\t\t<\/div>\n\t\t\t\t\t<\/div>\n\t\t<\/div>\n\t\t\t\t\t<\/div>\n\t\t<\/section>\n\t\t\t\t<section class=\"elementor-section elementor-top-section elementor-element elementor-element-bea259a elementor-section-content-middle elementor-section-boxed elementor-section-height-default elementor-section-height-default\" data-id=\"bea259a\" data-element_type=\"section\" data-settings=\"{&quot;background_background&quot;:&quot;classic&quot;}\">\n\t\t\t\t\t\t<div class=\"elementor-container elementor-column-gap-default\">\n\t\t\t\t\t<div class=\"elementor-column elementor-col-50 elementor-top-column elementor-element elementor-element-e885e71 elementor-invisible\" data-id=\"e885e71\" data-element_type=\"column\" data-settings=\"{&quot;background_background&quot;:&quot;classic&quot;,&quot;animation&quot;:&quot;bounceIn&quot;}\">\n\t\t\t<div class=\"elementor-widget-wrap elementor-element-populated\">\n\t\t\t\t\t\t<div class=\"elementor-element elementor-element-a8cdf7a elementor-widget elementor-widget-image\" data-id=\"a8cdf7a\" data-element_type=\"widget\" data-widget_type=\"image.default\">\n\t\t\t\t<div class=\"elementor-widget-container\">\n\t\t\t\t\t\t\t\t\t\t\t\t\t\t\t<img decoding=\"async\" width=\"720\" height=\"960\" src=\"https:\/\/smart-start.co.nz\/wp-content\/uploads\/2020\/10\/116713806_3413196068710605_107340896284271143_n.jpg\" class=\"attachment-large size-large wp-image-469\" alt=\"\" srcset=\"https:\/\/smart-start.co.nz\/wp-content\/uploads\/2020\/10\/116713806_3413196068710605_107340896284271143_n.jpg 720w, https:\/\/smart-start.co.nz\/wp-content\/uploads\/2020\/10\/116713806_3413196068710605_107340896284271143_n-225x300.jpg 225w\" sizes=\"(max-width: 720px) 100vw, 720px\" \/>\t\t\t\t\t\t\t\t\t\t\t\t\t\t\t<\/div>\n\t\t\t\t<\/div>\n\t\t\t\t\t<\/div>\n\t\t<\/div>\n\t\t\t\t<div class=\"elementor-column elementor-col-50 elementor-top-column elementor-element elementor-element-71687e3\" data-id=\"71687e3\" data-element_type=\"column\" data-settings=\"{&quot;background_background&quot;:&quot;classic&quot;}\">\n\t\t\t<div class=\"elementor-widget-wrap elementor-element-populated\">\n\t\t\t\t\t\t<section class=\"elementor-section elementor-inner-section elementor-element elementor-element-563f2f5 elementor-section-boxed elementor-section-height-default elementor-section-height-default\" data-id=\"563f2f5\" data-element_type=\"section\">\n\t\t\t\t\t\t<div class=\"elementor-container elementor-column-gap-default\">\n\t\t\t\t\t<div class=\"elementor-column elementor-col-100 elementor-inner-column elementor-element elementor-element-ae0934c\" data-id=\"ae0934c\" data-element_type=\"column\">\n\t\t\t<div class=\"elementor-widget-wrap elementor-element-populated\">\n\t\t\t\t\t\t<div class=\"elementor-element elementor-element-c1eed50 elementor-widget elementor-widget-text-editor\" data-id=\"c1eed50\" data-element_type=\"widget\" data-widget_type=\"text-editor.default\">\n\t\t\t\t<div class=\"elementor-widget-container\">\n\t\t\t\t\t\t\t\t\t<p>In our P\u014dtiki room we strive to provide a caring, physically safe, cognitively challenging and nurturing environment for our infants and toddlers that is peaceful and unhurried. Our daily routine is relaxed and flexible, allowing for each child\u2019s home routines to be followed as closely as possible. Relationships form the core of who we are and must therefore be at the centre of our work with the children. We place a strong emphasis on developing reciprocal relationships with tamariki, their families and wh\u0101nau, sharing daily events from home and from the centre. We value and respect each child knowing that every child is unique. We value the importance of children developing trust in themselves and the world around them. We believe as infant and toddler kaiako we are not only laying the foundations for all future learning, but are also contributing to the tamariki&#8217;s future ability to learn and develop meaningful relationships with others. The environment is carefully set up for the tamariki to discover, explore, experiment and problem solve and is crafted around tamariki&#8217;s interests and skills. Uninterrupted time allows children to initiate their own learning with teachers utilizing sensitive observation in order to understand their needs. Infant and toddler\u2019s care routines are special times which allow opportunities for valuable teaching and learning. Tamariki sleep, eat and have their nappies changed according to their own individual needs. Sleep rooms are peaceful places. We use quieter, gentle tones when in the sleep room.<\/p>\n<p><\/p>\n<p>We encourage children\u2019s co-operation and self help skills. Bottle feeding times are special times and when feeding, teachers are given the time to be available to the children being fed without unnecessary interruption. Meal times are social times. Teachers share in meal times by sitting with the children and participating in peaceful conversations.<\/p>\t\t\t\t\t\t\t\t<\/div>\n\t\t\t\t<\/div>\n\t\t\t\t\t<\/div>\n\t\t<\/div>\n\t\t\t\t\t<\/div>\n\t\t<\/section>\n\t\t\t\t\t<\/div>\n\t\t<\/div>\n\t\t\t\t\t<\/div>\n\t\t<\/section>\n\t\t\t\t<\/div>\n\t\t","protected":false},"excerpt":{"rendered":"<p>Our Philosophy In our M\u0101t\u0101mua room we have an emphasis on team teaching. We view relationships as source of learning, empowerment, and identity for us all and value responsive and respectful relationships with tamariki, families\/wh\u0101nau and each other. We aim to provide encouragement, warmth, acceptance, and challenges to help tamariki extend their ideas and understanding [&hellip;]<\/p>\n","protected":false},"author":1,"featured_media":0,"parent":0,"menu_order":0,"comment_status":"closed","ping_status":"closed","template":"elementor_header_footer","meta":{"footnotes":""},"class_list":["post-24","page","type-page","status-publish","hentry","entry"],"_links":{"self":[{"href":"https:\/\/smart-start.co.nz\/index.php\/wp-json\/wp\/v2\/pages\/24","targetHints":{"allow":["GET"]}}],"collection":[{"href":"https:\/\/smart-start.co.nz\/index.php\/wp-json\/wp\/v2\/pages"}],"about":[{"href":"https:\/\/smart-start.co.nz\/index.php\/wp-json\/wp\/v2\/types\/page"}],"author":[{"embeddable":true,"href":"https:\/\/smart-start.co.nz\/index.php\/wp-json\/wp\/v2\/users\/1"}],"replies":[{"embeddable":true,"href":"https:\/\/smart-start.co.nz\/index.php\/wp-json\/wp\/v2\/comments?post=24"}],"version-history":[{"count":49,"href":"https:\/\/smart-start.co.nz\/index.php\/wp-json\/wp\/v2\/pages\/24\/revisions"}],"predecessor-version":[{"id":1397,"href":"https:\/\/smart-start.co.nz\/index.php\/wp-json\/wp\/v2\/pages\/24\/revisions\/1397"}],"wp:attachment":[{"href":"https:\/\/smart-start.co.nz\/index.php\/wp-json\/wp\/v2\/media?parent=24"}],"curies":[{"name":"wp","href":"https:\/\/api.w.org\/{rel}","templated":true}]}}